{"id":451,"date":"2016-02-16T15:06:44","date_gmt":"2016-02-16T14:06:44","guid":{"rendered":"http:\/\/lepida1.fgm.it\/index.php\/2016\/02\/16\/lubart\/"},"modified":"2020-02-05T12:10:57","modified_gmt":"2020-02-05T11:10:57","slug":"lubart","status":"publish","type":"page","link":"https:\/\/mic.fgm.it\/index.php\/mic-conference-2013-committees\/lubart\/","title":{"rendered":"Lubart"},"content":{"rendered":"<p class=\"rtecenter\" style=\"border: 0px; margin: 0px 0px 1em; padding: 0px; text-align: center; color: #333333; font-family: Arial, Helvetica, sans-serif; font-size: 12px;\"><img decoding=\"async\" alt=\"\" src=\"http:\/\/www.mic-conference.org\/sites\/default\/files\/u2\/Todd%20Lubart%20picture%202013.jpg\" style=\"margin: 0px 2px; padding: 0px; width: 90px; height: 120px;\"><\/p>\n<p class=\"rtecenter\" style=\"border: 0px; margin: 1em 0px; padding: 0px; text-align: center; color: #333333; font-family: Arial, Helvetica, sans-serif; font-size: 12px;\"><strong style=\"border: 0px; margin: 0px; padding: 0px;\">Todd Lubart<\/strong><\/p>\n<p class=\"rtecenter\" style=\"border: 0px; margin: 1em 0px; padding: 0px; text-align: center; color: #333333; font-family: Arial, Helvetica, sans-serif; font-size: 12px;\"><em style=\"border: 0px; margin: 0px; padding: 0px; line-height: 18px;\">Universit\u00e9 Paris Descartes,&nbsp;<\/em><em style=\"border: 0px; margin: 0px; padding: 0px; line-height: 18px;\">France<\/em><\/p>\n<p class=\"rtecenter\" style=\"border: 0px; margin: 1em 0px; padding: 0px; text-align: center; color: #333333; font-family: Arial, Helvetica, sans-serif; font-size: 12px;\"><em style=\"border: 0px; margin: 0px; padding: 0px;\">Laboratoire Adaptations Travail-Individu (LATI)<\/em><\/p>\n<p style=\"text-align: justify;\"><span style=\"font-size: 10pt;\">Todd Lubart&nbsp;is Professor of Psychology at the Universit\u00e9 Paris Descartes, and former Member of the Institut Universiatire de France.<\/span><\/p>\n<p style=\"text-align: justify;\"><span style=\"font-size: 10pt;\">He received his PhD from Yale University and was an invited professor at the Paris School of Management (ESCP).<\/span><\/p>\n<p style=\"text-align: justify;\"><span style=\"font-size: 10pt;\">His research focuses on creativity, its identification and development within the multivariate, investment approach, creative potential and creative giftedness, the creative process and the effect of context on creative work.<\/span><\/p>\n<p style=\"text-align: justify;\"><span style=\"font-size: 10pt;\">He is Director of the scientific laboratory \u201cLATI\u201d (Laboratoire Adaptations Travail-Individu); Todd Lubart has been in charge of several research grants on creativity (such as a study of creative giftedness) and has organized international scientific congresses on creativity.<\/span><\/p>\n<p style=\"text-align: justify;\"><span style=\"font-size: 10pt;\">He is author or co-author of approximately 100 scientific reports (journal papers, book chapters) on creativity, including&nbsp;Defying the crowd&nbsp;: Cultivating creativity in a culture of conformity&nbsp;(NY: Free Press, 1995),&nbsp;Psychologie de la cr\u00e9ativit\u00e9&nbsp;(The psychology of creativity, Paris: Colin, 2003),Enfants Exceptionnels, Rosny: Br\u00e9al) (Exceptional Children). Finally, Todd Lubart, with Maud Besan\u00e7on, and Baptiste Barbot is author of&nbsp;EPoC (Paris:Hogrefe), a new measure of creative potential in children.<\/span><\/p>\n<p style=\"text-align: justify;\"><span style=\"font-size: 10pt;\">Short CV<\/span><\/p>\n<p style=\"text-align: justify;\"><span style=\"font-size: 10pt;\">Academic qualifications:<\/span><\/p>\n<p style=\"text-align: justify;\"><span style=\"font-size: 10pt;\">Bachelor of Arts, Psychology, Brandeis University, 1987<\/span><\/p>\n<p style=\"text-align: justify;\"><span style=\"font-size: 10pt;\">Master of Science, Psychology, Yale University, 1990; Master of Philosophy, 1991<\/span><\/p>\n<p style=\"text-align: justify;\"><span style=\"font-size: 10pt;\">Doctor of Philosophy (Ph.D.), Psychology, Yale University,, 1994<\/span><\/p>\n<p style=\"text-align: justify;\"><span style=\"font-size: 10pt;\">Habilitation \u00e0 Diriger des Recherches, Psychology, University of Paris V-La Sorbonne, 2000<\/span><\/p>\n<p style=\"text-align: justify;\"><span style=\"font-size: 10pt;\">Previous academic positions:<\/span><\/p>\n<p style=\"text-align: justify;\"><span style=\"font-size: 10pt;\">1994-1995&nbsp;: Post-doctoral researcher, University of Paris 5, developmental and differential psychology.<\/span><\/p>\n<p style=\"text-align: justify;\"><span style=\"font-size: 10pt;\">1994-1995&nbsp;: Research Scholar, Paris School of Management (ESCP)<\/span><\/p>\n<p style=\"text-align: justify;\"><span style=\"font-size: 10pt;\">1995-2002 Assistant Professor (Ma\u00eetre de conf\u00e9rences) at Universit\u00e9 Paris Descartes-<\/span><\/p>\n<p style=\"text-align: justify;\"><span style=\"font-size: 10pt;\">Current academic position:<\/span><\/p>\n<p style=\"text-align: justify;\"><span style=\"font-size: 10pt;\">2002-&nbsp; present, Professor of psychology, Universit\u00e9 Paris Descartes (in charge of the differential psychology teaching group, former president of the pedagogical commission (2002-2004), former coordinator of international exchanges, member of the Institute of Psychology \u201cconseil de gestion\u201d (business and academic decision making council),<\/span><\/p>\n<p style=\"text-align: justify;\"><span style=\"font-size: 10pt;\">2010 &#8211;&nbsp; present&nbsp; Director of the LATI research unit in differential, ergonomic and applied psychology (Laboratoire Adaptations Travail- Individu) EA4469<\/span><\/p>\n<p style=\"text-align: justify;\"><span style=\"font-size: 10pt;\">Research topics:<\/span><\/p>\n<p style=\"text-align: justify;\"><span style=\"font-size: 10pt;\">Creativity, development in children and adults, measures of creative potential, cultural influences, environment for creative work<\/span><\/p>\n<p style=\"text-align: justify;\"><span style=\"font-size: 10pt;\">Publication record Five representative publications in recent five years<\/span><\/p>\n<p style=\"text-align: justify;\"><span style=\"font-size: 10pt;\">Botella, M., Zeansni, F., Lubart, T. (2011). A Dynamic and Ecological Approach to the Artistic Creative Process of Arts Students: An Empirical Contribution. Empirical Studies of the Arts.&nbsp;29(1), 17-38.<\/span><\/p>\n<p style=\"text-align: justify;\"><span style=\"font-size: 10pt;\">Burkhardt, J-M., &nbsp;Lubart, T. (2010). Creativity in the age of emerging technology. Creativity and Innovation Management, 19, 160-166.<\/span><\/p>\n<p style=\"text-align: justify;\"><span style=\"font-size: 10pt;\">Caroff, X., Lubart, T.&nbsp;I. (2012). Multidimensional approach to detecting creative potential in managers. Creativity Research Journal, 24, 13-20.<\/span><\/p>\n<p style=\"text-align: justify;\"><span style=\"font-size: 10pt;\">Lubart, T., Besan\u00e7on, M., &amp; Barbot, B. (2011). EPoC: Evaluation du P\u00f6tentiel Cr\u00e9atif. Paris : Hogrefe.<\/span><\/p>\n<p style=\"text-align: justify;\"><span style=\"font-size: 10pt;\">Lubart, T.&nbsp;I., Pacteau, C., Jaquet, A.-Y., Caroff, X. (2010). Children\u2019s creative potential: An empirical study of measurement issues. Learning and Individual Differences, 20, 388-392.<\/span><\/p>\n<p style=\"text-align: justify;\"><span style=\"font-size: 10pt;\">Section B &#8211; Five representative publications beyond the recent five-year period<\/span><\/p>\n<p style=\"text-align: justify;\"><span style=\"font-size: 10pt;\">Lubart, T., Mouchiroud, C., Tordjman, S. &amp; Zenasni, F. (2003). Psychologie de la cr\u00e9ativit\u00e9. Paris&nbsp;: Armand Colin.&nbsp; (Psychology of creativity: French, Chinese , Russian, Brazilian versions)<\/span><\/p>\n<p style=\"text-align: justify;\"><span style=\"font-size: 10pt;\">Lubart, T. I., &amp; Sternberg, R. J. (1998). Creativity across time and place&nbsp;: Lifespan and cross-cultural perspectives. High Ability Studies, 9(1), 59-74.<\/span><\/p>\n<p style=\"text-align: justify;\"><span style=\"font-size: 10pt;\">Getz, I., &amp; Lubart, T. I. (2000). An emotional-experiential perspective on creative symbolic-metaphorical processes. Consciousness and Emotion, 1(2), 89-118.<\/span><\/p>\n<p style=\"text-align: justify;\"><span style=\"font-size: 10pt;\">Lubart, T. I. (2000-2001). Models of the creative process&nbsp;:Past, present and future. Creativity Research Journal, 13(3-4), 295-308.<\/span><\/p>\n<p style=\"text-align: justify;\"><span style=\"font-size: 10pt;\">Sternberg, R. J., &amp; Lubart, T. I. (1995). Defying the crowd: Cultivating creativity in a culture of conformity. New York: Free Press.<\/span><\/p>\n<p style=\"text-align: justify;\"><span style=\"font-size: 10pt;\">Other information: Examples of Grants and Contracts<\/span><\/p>\n<p style=\"text-align: justify;\"><span style=\"font-size: 10pt;\">Foundation of France&nbsp;, Gifted children&nbsp;: Identification, intra-individual variability, creative development. Responsible: T. Lubart,&nbsp;&nbsp; including 2 doctoral fellowships, 2003-2007<\/span><\/p>\n<p style=\"text-align: justify;\"><span style=\"font-size: 10pt;\">ANR (National Research Agency -France) &#8211; CREAPRO : Study of the creative process in art, science, literature and music, Responsible: T. Lubart,&nbsp; 2008-2012.<\/span><\/p>\n<p style=\"text-align: justify;\"><span style=\"font-size: 10pt;\">ANR (National Research Agency -France) &#8211; CREATIVENESS : Study of the environmental impact in virtual multiuser worlds on creative work, Responsible: T. Lubart,&nbsp; 2013-2016.<\/span><\/p>\n<p style=\"text-align: justify;\"><span style=\"font-size: 10pt;\">Member of the Editorial Board :<\/span><\/p>\n<p style=\"text-align: justify;\"><span style=\"font-size: 10pt;\">Creativity and Innovation Management, from 2004Ann\u00e9e Psychologique, from 2005; Learning and Individual Differences, from 2006; Journal of Psychoeducational Assessment, from 2007 ; Gifted and talented International, from 2009&nbsp;<\/span><\/p>\n","protected":false},"excerpt":{"rendered":"<p>Todd Lubart Universit\u00e9 Paris Descartes,&nbsp;France Laboratoire Adaptations Travail-Individu (LATI) Todd Lubart&nbsp;is Professor of Psychology at the Universit\u00e9 Paris Descartes, and former Member of the Institut Universiatire de France. He received his PhD from Yale University and was an invited professor<\/p>\n","protected":false},"author":14,"featured_media":0,"parent":440,"menu_order":26,"comment_status":"closed","ping_status":"open","template":"","meta":{"ngg_post_thumbnail":0},"_links":{"self":[{"href":"https:\/\/mic.fgm.it\/index.php\/wp-json\/wp\/v2\/pages\/451"}],"collection":[{"href":"https:\/\/mic.fgm.it\/index.php\/wp-json\/wp\/v2\/pages"}],"about":[{"href":"https:\/\/mic.fgm.it\/index.php\/wp-json\/wp\/v2\/types\/page"}],"author":[{"embeddable":true,"href":"https:\/\/mic.fgm.it\/index.php\/wp-json\/wp\/v2\/users\/14"}],"replies":[{"embeddable":true,"href":"https:\/\/mic.fgm.it\/index.php\/wp-json\/wp\/v2\/comments?post=451"}],"version-history":[{"count":1,"href":"https:\/\/mic.fgm.it\/index.php\/wp-json\/wp\/v2\/pages\/451\/revisions"}],"predecessor-version":[{"id":1492,"href":"https:\/\/mic.fgm.it\/index.php\/wp-json\/wp\/v2\/pages\/451\/revisions\/1492"}],"up":[{"embeddable":true,"href":"https:\/\/mic.fgm.it\/index.php\/wp-json\/wp\/v2\/pages\/440"}],"wp:attachment":[{"href":"https:\/\/mic.fgm.it\/index.php\/wp-json\/wp\/v2\/media?parent=451"}],"curies":[{"name":"wp","href":"https:\/\/api.w.org\/{rel}","templated":true}]}}