{"id":672,"date":"2014-07-22T17:51:22","date_gmt":"2014-07-22T15:51:22","guid":{"rendered":"http:\/\/mic.fgm.it\/ict-cream\/?page_id=672"},"modified":"2016-11-16T11:24:28","modified_gmt":"2016-11-16T10:24:28","slug":"publications-3","status":"publish","type":"page","link":"https:\/\/mic.fgm.it\/ict-cream\/publications-3\/","title":{"rendered":"Publications"},"content":{"rendered":"<h2 style=\"text-align: center;\"><strong>Partners Publications related to the CREAM Project<\/strong><\/h2>\n<p>&nbsp;<\/p>\n<h3 style=\"text-align: justify;\"><strong>Journal\u00a0Papers<\/strong><\/h3>\n<ul style=\"list-style-type: disc; text-align: justify;\">\n<li><a href=\"http:\/\/www.tandfonline.com\/doi\/abs\/10.1080\/10400419.2016.1162475?journalCode=hcrj20#.VzHH_2PZmPU\" target=\"_blank\">Agnoli S.,\u00a0Corazza G.E., &amp; Runco M. (2016).\u00a0Estimating Creativity with a Multiple-Measurement Approach Within Scientific and Artistic Domains,\u00a0<em>Creativity Research Journal, 28(2)<\/em>, 171-176.<\/a><\/li>\n<\/ul>\n<ul style=\"list-style-type: disc; text-align: justify;\">\n<li>Petervari J, Osman M, Bhattacharya J (2016). The role of intuition in the generation and evaluation stages of creativity. <em>Frontiers in Psychology 7<\/em>, 1420.<\/li>\n<\/ul>\n<ul style=\"list-style-type: disc; text-align: justify;\">\n<li>Zioga I, Luft CDB, Bhattacharya J (2016). Musical training shapes neural responses to melodic and prosodic expectation. <em>Brain Research 1650<\/em>: 267-282.<\/li>\n<\/ul>\n<ul style=\"list-style-type: disc; text-align: justify;\">\n<li>Bhattacharya J, Lindsen JP (2016) Music for a brighter world: Brightness judgment bias by musical emotion. <em>PLoS ONE 11(2)<\/em>: e0148959.<\/li>\n<\/ul>\n<ul style=\"list-style-type: disc; text-align: justify;\">\n<li><a href=\"http:\/\/ieeexplore.ieee.org\/stamp\/stamp.jsp?tp=&amp;arnumber=7202914&amp;isnumber=4358093\" target=\"_blank\">Guermandi M., Scarselli Franchi E., Guerrieri R. (2015) A Driving Right Leg Circuit (DgRL) for Improved Common Mode Rejection in Bio-Potential Acquisition Systems, Biomedical Circuits and Systems, IEEE Transactions on\u00a0, vol.PP, no.99, pp.1-11, doi: 10.1109\/TBCAS.2015.2446753\u00a0<\/a><\/li>\n<\/ul>\n<ul style=\"list-style-type: disc; text-align: justify;\">\n<li><a href=\"http:\/\/onlinelibrary.wiley.com\/doi\/10.1002\/hbm.22995\/abstract\" target=\"_blank\">Garc\u00e9s P., Pereda E., Hern\u00e1ndez-Tamames J.A., Del-Pozo F., Maest\u00fa F., Pineda-Pardo J.A (2015). Multimodal description of whole brain connectivity: A comparison of resting state MEG, fMRI, and DWI, Human Brain Mapping, doi: 10.1002\/hbm.22995<\/a><\/li>\n<\/ul>\n<ul style=\"list-style-type: disc; text-align: justify;\">\n<li>Luft CDB, Bhattacharya J (2015) Aroused with heart: Modulation of heartbeat evoked potential by arousal induction and its oscillatory correlates. Scientific Reports, vol. 5: 15717, doi: 10.1038\/srep15717<\/li>\n<\/ul>\n<ul style=\"list-style-type: disc; text-align: justify;\">\n<li><a style=\"font-size: 16px;\" href=\"http:\/\/mic.fgm.it\/ict-cream\/?p=1036\" target=\"_blank\">Luft C.B.D., Pereda E., Banissy M., Bhattacharya J. (2014) Best of both worlds: promise of combining brain stimulation and brain connectome.\u00a0Frontiers in Systems Neuroscience\u00a0vol. 8: 132, doi: 10.3389\/fnsys.2014.00132<\/a><\/li>\n<\/ul>\n<ul style=\"list-style-type: disc; text-align: justify;\">\n<li><a href=\"http:\/\/mic.fgm.it\/ict-cream\/?p=1044\" target=\"_blank\">Wiggins G., Bhattacharya J. (2014) Mind the gap: an attempt to bridge computational and neuroscientific approaches to study creativity.\u00a0Frontiers in Human Neuroscience\u00a0vol. 8: 540, doi: 10.3389\/fnhum.2014.00540<\/a><\/li>\n<\/ul>\n<ul>\n<li style=\"text-align: justify;\">Bhattacharya J., Wiggins G. (2014), Spontaneous creativity: Its theoretical and neurocognitive framework, 17th World Congress of Psychophysiology, Hiroshima, Japan, 23-27 September, International Journal of Psychophysiology vol. 94: 161<\/li>\n<\/ul>\n<ul style=\"text-align: justify;\">\n<li>Luft C.B.D., Bhattacharya J (2014) Cortical brain network in learning from performance-related feedback. 17th World Congress of Psychophysiology, Hiroshima, Japan, 23-27 September, International Journal of Psychophysiology vol. 94: 125<\/li>\n<\/ul>\n<ul>\n<li>Pereda E., Rahman S., Bhattacharya J. (2014) The structure of functional brain EEG network is sensitive to genre specific musical creativity: a study on jazz and classical piano music performance. 17th World Congress of Psychophysiology, Hiroshima, Japan, 23-27 September, International Journal of Psychophysiology vol. 94: 161<\/li>\n<\/ul>\n<ul>\n<li style=\"text-align: justify;\">Pereda E., Ioannaou C., Bhattacharya J. (2014), EEG functional brain connectivity changes associated to the perception of binaural beats: A study based on information theory. 17th World Congress of Psychophysiology, Hiroshima, Japan, 23-27 September, International Journal of Psychophysiology vol. 94: 194<\/li>\n<\/ul>\n<ul>\n<li>Placati S., Guermandi M., Franchi Scarselli E., Guerrieri R. (under review), \u00a0&#8220;Parallel Solver for Diffuse Optical Tomography on Realistic Head Models with Scattering and Clear Regions<em>&#8220;,<\/em>\u00a0Biomedical Engineering, IEEE Transactions<\/li>\n<\/ul>\n<h3 style=\"text-align: justify;\"><b>Conference Papers<\/b><\/h3>\n<ul>\n<li><a href=\"http:\/\/emb.citengine.com\/event\/embc-2015\/paper-details?pdID=4912\" target=\"_blank\">Guermandi M., Bigucci A., Franchi Scarselli E., Guerrieri R. (2015)\u00a0EEG Acquisition System Based on Active Electrodes with Common-Mode Interference Suppression by Driving Right Leg Circuit, 37th Annual International Confernece of the IEEE Engineering in Medicine and Biology Society\u00a0<\/a><\/li>\n<\/ul>\n<ul>\n<li style=\"text-align: justify;\"><a title=\"Measuring Creativity through a Multi-sided Measurement Approach within Scientific and Artistic Domains\" href=\"http:\/\/mic.fgm.it\/ict-cream\/?p=1054\" target=\"_blank\">Agnoli S., Corazza G. E., Runco M., Bhattacharya J. (2014), Measuring Creativity through a Multi-sided Measurement Approach within Scientific and Artistic Domains, Torrance Center\u2019s First Annual International Creativity Collaborative (ICC) Proceedings<\/a><\/li>\n<\/ul>\n<h3 style=\"text-align: justify;\"><strong>Books<\/strong><\/h3>\n<ul style=\"text-align: justify;\">\n<li style=\"text-align: justify;\"><a href=\"http:\/\/www.springer.com\/us\/book\/9789812876171\" target=\"_blank\">Corazza G. E., Agnoli S. (2015), Multidisciplinary Contributions to the Science of Creative Thinking, Singapore: Springer<\/a><\/li>\n<\/ul>\n<h3><strong>Book Chapters<\/strong><\/h3>\n<ul>\n<li><a href=\"http:\/\/www.igi-global.com\/chapter\/a-creativity-and-innovation-course-for-engineers\/166475\">Corazza G.E., Agnoli S., Martello, S. (2016).\u00a0A Creativity and Innovation Course for Engineers. In C. Zhou, (Ed.), Handbook of Research on Creative Problem-Solving Skill Development in Higher Education<em>, <\/em>pp. 74-93. Hershey, GA: IGI Global.<\/a><\/li>\n<\/ul>\n<ul>\n<li>Thompson N., Luft CDB, Banissy MJ. (In Press, 2016). Empathy Neuroimaging Personality, Social Cognition and Character, Edited by J. Cloutier and J. Absher. Elsevier<\/li>\n<\/ul>\n<ul>\n<li><a href=\"http:\/\/mic.fgm.it\/ict-cream\/on-the-path-towards-the-science-of-creative-thinking\/\" target=\"_blank\">Corazza G.E., Agnoli S. (2015).\u00a0On the Path Towards the Science of Creative Thinking. In G.E. Corazza and S. Agnoli (Eds.),\u00a0Multidisciplinary Contributions to the Science of Creative Thinking\u00a0(pp. 3-19). Singapore: Springer<\/a><\/li>\n<\/ul>\n<ul>\n<li><a title=\"Neurocognitive aspects of musical improvisation and performance\" href=\"http:\/\/mic.fgm.it\/ict-cream\/neurocognitive-aspects-of-musical-improvisation-and-performance\/\" target=\"_blank\">Rahman S., Bhattacharya J. (2015). Neurocognitive aspects of musical improvisation and performance.\u00a0In\u00a0G.E. Corazza and S. Agnoli (Eds.),\u00a0Multidisciplinary Contributions to the Science of Creative Thinking\u00a0(pp. 261-279). Singapore: Springer<\/a><\/li>\n<\/ul>\n<ul style=\"text-align: justify;\">\n<li>Luft C.D.B., Bhattacharya J. (2015). Correlatos neurales de la creatividad, in Conectividad Funcional y Anat\u00f3mica en el Crebro Humano: An\u00e1lisis De Se\u00f1ales y Aplicaciones en Ciencias de la Salud, eds \u00a0Maest\u00fa F, Pereda E, and Del Pozo F, Madrid: Elsevier,\u00a0\u00a0Barcelona, p.:183-194<\/li>\n<\/ul>\n<ul>\n<li>Niso G., Bajo R., Castellanos N.P., Pereda E. (2015). Estudio de la conectividad funcional y efectiva en EEG\/MEG, in F. Maestu, F. Del-Pozo, E. Pereda (eds), Conectividad Funcional y Anatomica en el Cerebro Humano, Elsevier, Barcelona, p.:40-48<\/li>\n<\/ul>\n<ul>\n<li>Niso G., Bru\u00f1a R., Bajo R., Maest\u00fa F., Guti\u00e9rrez R., Del Pozo F., Pereda E., (2015). HERMES: una toolbox para el an\u00e1lisis de la conectividad con EEG\/MEG, in: F. Maestu, F. Del-Pozo, E. Pereda (eds), Conectividad Funcional y Anatomica en el Cerebro Humano, Elsevier<\/li>\n<\/ul>\n<h3 style=\"text-align: justify;\"><strong>Conference Presentations<\/strong><\/h3>\n<h3 style=\"text-align: justify;\"><strong>Oral \u00a0 \u00a0<\/strong><\/h3>\n<ul>\n<li>Chiesi, M. Guermandi, E. Franchi Scarselli, R. Guerrieri (2016), &#8220;An Open Source System for Brain Computer Interfaces and Neuroscientific Research&#8221;, ORCONF 2016, Oct 7-9, Bologna, Italy.<\/li>\n<\/ul>\n<ul>\n<li>Corazza, G. (2016).\u00a0Creativity: A Dynamic Definition.\u00a0Keynote Speech at the\u00a02nd\u00a0MIC Conference 2016, Bologna, (Italy), September 14-16.<\/li>\n<\/ul>\n<ul>\n<li>Wight R. (2016).\u00a0Overcoming Resistance: How can we encourage the adoption of neuroscientific methods in the creative world? Keynote Speech at the\u00a02nd\u00a0MIC Conference 2016, Bologna, (Italy), September 14-16.<\/li>\n<\/ul>\n<ul>\n<li>\n<div class=\"page\" title=\"Page 2\">\n<div class=\"layoutArea\">\n<div class=\"column\">\n<div class=\"page\" title=\"Page 2\">\n<div class=\"layoutArea\">\n<div class=\"column\">\n<p>Reed, T.L., Di Bernardi Luft, C. , Cappelletti, M. , Bhattacharya, J. et al. (2016).\u00a0Modulating Creativity through Transcranial Alternating Current Stimulation (tACS).\u00a02nd\u00a0MIC Conference 2016, Bologna, (Italy), September 14-16.<\/p>\n<\/div>\n<\/div>\n<\/div>\n<\/div>\n<\/div>\n<\/div>\n<\/li>\n<li>Agnoli, S., Kirsch, C., &amp; Corazza, G. E. (2016). A mediation model for creative achievement in advertisement. 2<sup>nd<\/sup> MIC Conference 2016, Bologna, (Italy), September 14-16.<\/li>\n<\/ul>\n<ul>\n<li>Tik, M., Sladky, R. , Di Bernardi Luft, C. , Willinger, D., Hoffmann, A. et al. (2016).\u00a0Aha! I got it! Engagement of dopaminergic pathways during insight moments.\u00a02nd\u00a0MIC Conference 2016, Bologna, (Italy), September 14-16.<\/li>\n<\/ul>\n<ul>\n<li>\n<div class=\"page\" title=\"Page 6\">\n<div class=\"layoutArea\">\n<div class=\"column\">\n<p>P\u00e9terv\u00e1ri, J., Osman, M., Bhattacharya,\u00a0J. (2016).\u00a0The motivational e ect of incentives on the evaluation of creative ideas.\u00a02nd\u00a0MIC Conference 2016, Bologna, (Italy), September 14-16.<\/p>\n<\/div>\n<\/div>\n<\/div>\n<\/li>\n<\/ul>\n<ul>\n<li>Zioga, I., Di Bernardi Luft, C., M. J. Banissy, M. J., Bhattacharya,\u00a0J. (2016).\u00a0When less is more: facilitating problem solving through cathodal tDCS to\u00a0<span style=\"font-size: 16px;\">the dorsolateral prefrontal cortex.\u00a02nd\u00a0MIC Conference 2016, Bologna, (Italy), September 14-16.<\/span><\/li>\n<\/ul>\n<ul>\n<li>Guermandi, M., Chiesi, M., Franchi Scarselli, E., Guerrieri,\u00a0R. (2016).\u00a0A Cost-e ective System for Neuroscientific Research.\u00a02nd\u00a0MIC Conference 2016, Bologna, (Italy), September 14-16.<\/li>\n<\/ul>\n<ul>\n<li>\n<div class=\"page\" title=\"Page 4\">\n<div class=\"layoutArea\">\n<div class=\"column\">\n<p>Schuler, A.L., Tik, M., Sladky, R., Di Bernardi Luft, C., Hoffmann, A. et al. (2016).\u00a0Beyond Creative Achievement: The Neural Underpinnings of the Creative Personality.\u00a02nd\u00a0MIC Conference 2016, Bologna, (Italy), September 14-16.<\/p>\n<\/div>\n<\/div>\n<\/div>\n<\/li>\n<\/ul>\n<ul>\n<li>Zanon, M., Agnoli, S., Avenanti, A., Ladavas, E., &amp; Corazza,\u2028G. E. (2016). Preliminary analysis of the neurophysiological correlates of idea generation and evaluation in different knowledge domains. 2<sup>nd<\/sup> MIC Conference 2016, Bologna, (Italy), September 14-16.<\/li>\n<\/ul>\n<ul>\n<li>Banissy M. (2016). Modulating performance throughout adulthood using transcranial current stimulation.\u00a0ESRC Seminar Series on Cognitive Intervention Across the Lifespan, University of Oxford,\u00a0September 2016.<\/li>\n<\/ul>\n<ul>\n<li>Bhattacharya J, Luft CDB, Thompson N, Ghani A, Banissy M (2016). A causal link between right temporal alpha oscillations and creative problem solving. 18th World Congress of Psychophysiology, Havana, Cuba, Aug 31-Sep 4, (abstract: International Journal of Psychophysiology 108: 55)<\/li>\n<\/ul>\n<ul>\n<li>Pereda E, Luft CDB, Zioga I, Garcia-Prieto J, Bhattacharya J (2016). Complex network structure of creative brain at rest. 18th World Congress of Psychophysiology, Havana, Cuba, Aug 31-Sep 4, (abstract: International Journal of Psychophysiology 108: 102)<\/li>\n<\/ul>\n<ul>\n<li>Zioga I, Luft CDB, Bhattacharya J (2016). Influence of melodic pitch expectancy on prosodic expectancy: A behavioural and EEG study. 18th World Congress of Psychophysiology, Havana, Cuba, Aug 31-Sep 4, (abstract: International Journal of Psychophysiology 108: 93)<\/li>\n<\/ul>\n<ul>\n<li><a href=\"http:\/\/mic.fgm.it\/ict-cream\/cream-european-project-exploring-creative-brain-multidisciplinary-perspective\/\">Agnoli, S. (2016). <em>The CREAM European Project: exploring the creative brain from a multidisciplinary perspective<\/em>. VII European Congress on Methodology, Palma de Mallorca (Spain), July, 27-29.<\/a><\/li>\n<\/ul>\n<ul>\n<li>Zioga I, Luft CDB, Bhattacharya J (2016). Shared neural processing of melodic and prosodic expectation is impacted by musical expertise. 10th FENS Forum of Neuroscience, Copenhagen, 2-6 July.<\/li>\n<\/ul>\n<ul>\n<li>Banissy M. (2016).Understanding and enhancing creativity.\u00a0Engine Group, May 2016.<\/li>\n<\/ul>\n<ul>\n<li>Banissy M. (2016). Promises and challenges of using non-invasive brain stimulation to aid performance. King&#8217;s College,\u00a0April\u00a02016.<\/li>\n<\/ul>\n<ul>\n<li>Banissy M. (2015). Entraining alpha oscillations through tACS to boost creative problem solving. 15th NVP Winter Conference (Netherlands), December\u00a02015.<\/li>\n<\/ul>\n<ul>\n<li><a href=\"http:\/\/(https:\/\/www.sfn.org\/annual-meeting\/neuroscience-2015\" target=\"_blank\">Luft CDB, Thompson N., Banissy MJ., Bhattcharya J. (2015). Boosting insight by temporal alpha stimulation: Brain stimulation effects on convergent creativity. Neuroscience 2015: Society for Neuroscience, Chicago, United States, 17-21 October<\/a><\/li>\n<\/ul>\n<ul>\n<li>Tik M.,\u00a0Sladky R., Di Bernardi Luft C.,\u00a0Hoffmann A.,\u00a0Hummer A., Banissy M., Bhattacharya J., Windischberger C. (2015). Ultra-high field fMRI insights on insight: Neural correlates of the \u201cAha!\u201d-21st Meeting of the Organization for Human Brain Mapping, HBM \u2013 Honolulu, 2015<\/li>\n<\/ul>\n<ul>\n<li><a title=\"SEM-based analysis of scientific and artistic creative achievement\" href=\"http:\/\/mic.fgm.it\/ict-cream\/sem-based-analysis-of-scientific-and-artistic-creative-achievement\/\" target=\"_blank\">Agnoli S., Corazza G.E., Cagnone S., Runco M. (2015).\u00a0SEM-based analysis of scientific and artistic creative achievement. ICIE Conference, Krakow (Poland), July 1-4\u00a0<\/a><\/li>\n<\/ul>\n<ul>\n<li style=\"text-align: justify;\">Banissy M. (2014), Your Creative Brain. National Science and Engineering Week. St John\u2019s Marlborough Science Festival.\u00a0March 18<\/li>\n<\/ul>\n<ul style=\"text-align: justify;\">\n<li>Banissy M. (2014), Electrified brains. National Science and Engineering Week. Pimlico Academy. March 19<\/li>\n<\/ul>\n<ul style=\"text-align: justify;\">\n<li>Banissy M. (2014), Enhancing socio-cognitive abilities using non-invasive brain stimulation. University of the Third Age: Sutton. February 12<\/li>\n<\/ul>\n<ul style=\"text-align: justify;\">\n<li>Banissy M. (2014), Modulating socio-cognitive abilities using transcranial electric stimulation. University of Oxford: Sutton. May 7<\/li>\n<\/ul>\n<ul style=\"text-align: justify;\">\n<li style=\"text-align: justify;\">Bhattacharya J. (2014), On the neuronal trajectory of cognitive creativity. Neuroimaging Center, University of Durham. November 22<\/li>\n<\/ul>\n<ul style=\"text-align: justify;\">\n<li>Bhattacharya J. (2014), A neurocognitive exploration into musical creativity. Royal Philharmonic Orchestra, Cadogan Hall, November 27<\/li>\n<\/ul>\n<ul style=\"text-align: justify;\">\n<li>Chavez L. (2014), On the Art Material of Consciousness: Movement, Duration and the Choreography of Flow. Urban Encounters 2014: Movements\/Mobilities\/Migrations. Tate Britain, October\u00a024<\/li>\n<\/ul>\n<ul style=\"text-align: justify;\">\n<li>Luft C.D.B. (2014), Thinking out of the box: how music influences creativity. Oxford International Biomedical Centre (OIBC) Symposium Music and the Brain. Conisborough College,\u00a0October 9<\/li>\n<\/ul>\n<ul style=\"text-align: justify;\">\n<li>Bhattacharya J. (2014), The (neuro)science of musical creativity. Conference on Creativity, Music and The Brain: The Power of Music over the Mind. The Royal Society of Medicine, London, UK, May 13 (Invited)<\/li>\n<\/ul>\n<h3 style=\"text-align: justify;\"><strong>Poster<\/strong><\/h3>\n<ul style=\"text-align: justify;\">\n<li><a href=\"http:\/\/www.mpipks-dresden.mpg.de\/~cidnet14\/\" target=\"_blank\">Luft C.D.B., Bhattacharya J. (2014), The effect of graded and categorical feedback on learning related global synchronization. International Workshop on Causality, Information Transfer and Dynamical Networks, Max Planck Institute for Physics of Complex Systems, Dresden, Germany, September 16-20\u00a0<\/a><\/li>\n<\/ul>\n<ul style=\"text-align: justify;\">\n<li>Rahman S., Pereda E., Bhattacharya J. (2014), Signature of genre specific musical creativity on cortical network patterns: A pilot study. International Workshop on Causality, Information Transfer and Dynamical Networks, Max Planck Institute for Physics of Complex Systems, Dresden, Germany, September 16-20<\/li>\n<\/ul>\n<ul style=\"text-align: justify;\">\n<li style=\"text-align: justify;\">Pereda E., Ioannou C., Bhattacharya J. (2014), Maximal information coefficient reveals network correlates to the perception of binaural beats. International Workshop on Causality, Information Transfer and Dynamical Networks, Max Planck Institute for Physics of Complex Systems, Dresden, Germany, September 16-20<\/li>\n<\/ul>\n<h3 style=\"text-align: center;\"><strong>Public Deliverables<\/strong><\/h3>\n<ul>\n<li style=\"text-align: justify;\"><a href=\"http:\/\/mic.fgm.it\/ict-cream\/wp-content\/uploads\/2014\/07\/CREAM_D1.1_Project-Management-Handbook-2.pdf\" target=\"_blank\">D1.1_Project Management Handbook<\/a><\/li>\n<li style=\"text-align: justify;\"><a href=\"http:\/\/mic.fgm.it\/ict-cream\/wp-content\/uploads\/2015\/01\/CREAM_D2.1_Report-on-the-joint-use-of-the-creative-cognitive-tasks.pdf\" target=\"_blank\">D2.1_Report on the joint use of the creative cognitive tasks<\/a><\/li>\n<li style=\"text-align: justify;\"><a href=\"http:\/\/mic.fgm.it\/ict-cream\/wp-content\/uploads\/2015\/12\/CREAM_D2.2_Association-between-creative-performance-and-creative-achievement-in-the-scientific-and-artistic-domain_v2.0.pdf\" target=\"_blank\">D2.2\u00a0Association between creative performance and creative achievement in the Scientific and the Artistic domain<\/a><\/li>\n<li style=\"text-align: justify;\"><a href=\"http:\/\/mic.fgm.it\/ict-cream\/wp-content\/uploads\/2014\/07\/CREAM_D3.3_Report-on-the-development-of-a-computational-platform-for-studying-network-properties-of-creative-brain.pdf\" target=\"_blank\">D3.3 Report on the development of a computational platform for studying network properties of creative brain<\/a><\/li>\n<li style=\"text-align: justify;\"><a href=\"http:\/\/mic.fgm.it\/ict-cream\/wp-content\/uploads\/2014\/07\/CREAM_D4.3_Rapid-prototyping-platform.pdf\" target=\"_blank\">D4.3_Rapid prototyping platform<\/a><\/li>\n<li style=\"text-align: justify;\"><a href=\"http:\/\/mic.fgm.it\/ict-cream\/wp-content\/uploads\/2014\/07\/D6.1_Set-up-of-the-public-websitepdf.pdf\" target=\"_blank\">D6.1_Set-up of the public website<\/a><\/li>\n<\/ul>\n","protected":false},"excerpt":{"rendered":"<p>Partners Publications related to the CREAM Project &nbsp; Journal\u00a0Papers Agnoli S.,\u00a0Corazza G.E., &amp; Runco M. (2016).\u00a0Estimating Creativity with a Multiple-Measurement Approach Within Scientific and Artistic Domains,\u00a0Creativity Research Journal, 28(2), 171-176.<\/p>\n<div class=\"read-more-cream\"><a class=\"read-more\" href=\"https:\/\/mic.fgm.it\/ict-cream\/publications-3\/\">read more -&gt;<\/a><\/div>\n","protected":false},"author":7,"featured_media":0,"parent":0,"menu_order":0,"comment_status":"closed","ping_status":"open","template":"","meta":{"_monsterinsights_skip_tracking":false,"_monsterinsights_sitenote_active":false,"_monsterinsights_sitenote_note":"","_monsterinsights_sitenote_category":0},"yoast_head":"<!-- This site is optimized with the Yoast SEO plugin v20.12 - https:\/\/yoast.com\/wordpress\/plugins\/seo\/ -->\n<title>Publications - Cream<\/title>\n<meta name=\"robots\" content=\"index, follow, max-snippet:-1, max-image-preview:large, max-video-preview:-1\" \/>\n<link rel=\"canonical\" href=\"https:\/\/mic.fgm.it\/ict-cream\/publications-3\/\" \/>\n<meta property=\"og:locale\" content=\"en_US\" \/>\n<meta property=\"og:type\" content=\"article\" \/>\n<meta property=\"og:title\" content=\"Publications - Cream\" \/>\n<meta property=\"og:description\" content=\"Partners Publications related to the CREAM Project &nbsp; Journal\u00a0Papers Agnoli S.,\u00a0Corazza G.E., &amp; Runco M. (2016).\u00a0Estimating Creativity with a Multiple-Measurement Approach Within Scientific and Artistic Domains,\u00a0Creativity Research Journal, 28(2), 171-176.read more -&gt;\" \/>\n<meta property=\"og:url\" content=\"https:\/\/mic.fgm.it\/ict-cream\/publications-3\/\" \/>\n<meta property=\"og:site_name\" content=\"Cream\" \/>\n<meta property=\"article:modified_time\" content=\"2016-11-16T10:24:28+00:00\" \/>\n<meta name=\"twitter:card\" content=\"summary_large_image\" \/>\n<meta name=\"twitter:label1\" content=\"Est. reading time\" \/>\n\t<meta name=\"twitter:data1\" content=\"9 minutes\" \/>\n<script type=\"application\/ld+json\" class=\"yoast-schema-graph\">{\"@context\":\"https:\/\/schema.org\",\"@graph\":[{\"@type\":\"WebPage\",\"@id\":\"https:\/\/mic.fgm.it\/ict-cream\/publications-3\/\",\"url\":\"https:\/\/mic.fgm.it\/ict-cream\/publications-3\/\",\"name\":\"Publications - Cream\",\"isPartOf\":{\"@id\":\"https:\/\/mic.fgm.it\/ict-cream\/#website\"},\"datePublished\":\"2014-07-22T15:51:22+00:00\",\"dateModified\":\"2016-11-16T10:24:28+00:00\",\"breadcrumb\":{\"@id\":\"https:\/\/mic.fgm.it\/ict-cream\/publications-3\/#breadcrumb\"},\"inLanguage\":\"en-US\",\"potentialAction\":[{\"@type\":\"ReadAction\",\"target\":[\"https:\/\/mic.fgm.it\/ict-cream\/publications-3\/\"]}]},{\"@type\":\"BreadcrumbList\",\"@id\":\"https:\/\/mic.fgm.it\/ict-cream\/publications-3\/#breadcrumb\",\"itemListElement\":[{\"@type\":\"ListItem\",\"position\":1,\"name\":\"Home\",\"item\":\"https:\/\/mic.fgm.it\/ict-cream\/\"},{\"@type\":\"ListItem\",\"position\":2,\"name\":\"Publications\"}]},{\"@type\":\"WebSite\",\"@id\":\"https:\/\/mic.fgm.it\/ict-cream\/#website\",\"url\":\"https:\/\/mic.fgm.it\/ict-cream\/\",\"name\":\"Cream\",\"description\":\"CReativity Enhancement through Advanced brain Mapping and stimulation\",\"potentialAction\":[{\"@type\":\"SearchAction\",\"target\":{\"@type\":\"EntryPoint\",\"urlTemplate\":\"https:\/\/mic.fgm.it\/ict-cream\/?s={search_term_string}\"},\"query-input\":\"required name=search_term_string\"}],\"inLanguage\":\"en-US\"}]}<\/script>\n<!-- \/ Yoast SEO plugin. -->","yoast_head_json":{"title":"Publications - Cream","robots":{"index":"index","follow":"follow","max-snippet":"max-snippet:-1","max-image-preview":"max-image-preview:large","max-video-preview":"max-video-preview:-1"},"canonical":"https:\/\/mic.fgm.it\/ict-cream\/publications-3\/","og_locale":"en_US","og_type":"article","og_title":"Publications - Cream","og_description":"Partners Publications related to the CREAM Project &nbsp; Journal\u00a0Papers Agnoli S.,\u00a0Corazza G.E., &amp; Runco M. (2016).\u00a0Estimating Creativity with a Multiple-Measurement Approach Within Scientific and Artistic Domains,\u00a0Creativity Research Journal, 28(2), 171-176.read more -&gt;","og_url":"https:\/\/mic.fgm.it\/ict-cream\/publications-3\/","og_site_name":"Cream","article_modified_time":"2016-11-16T10:24:28+00:00","twitter_card":"summary_large_image","twitter_misc":{"Est. reading time":"9 minutes"},"schema":{"@context":"https:\/\/schema.org","@graph":[{"@type":"WebPage","@id":"https:\/\/mic.fgm.it\/ict-cream\/publications-3\/","url":"https:\/\/mic.fgm.it\/ict-cream\/publications-3\/","name":"Publications - Cream","isPartOf":{"@id":"https:\/\/mic.fgm.it\/ict-cream\/#website"},"datePublished":"2014-07-22T15:51:22+00:00","dateModified":"2016-11-16T10:24:28+00:00","breadcrumb":{"@id":"https:\/\/mic.fgm.it\/ict-cream\/publications-3\/#breadcrumb"},"inLanguage":"en-US","potentialAction":[{"@type":"ReadAction","target":["https:\/\/mic.fgm.it\/ict-cream\/publications-3\/"]}]},{"@type":"BreadcrumbList","@id":"https:\/\/mic.fgm.it\/ict-cream\/publications-3\/#breadcrumb","itemListElement":[{"@type":"ListItem","position":1,"name":"Home","item":"https:\/\/mic.fgm.it\/ict-cream\/"},{"@type":"ListItem","position":2,"name":"Publications"}]},{"@type":"WebSite","@id":"https:\/\/mic.fgm.it\/ict-cream\/#website","url":"https:\/\/mic.fgm.it\/ict-cream\/","name":"Cream","description":"CReativity Enhancement through Advanced brain Mapping and stimulation","potentialAction":[{"@type":"SearchAction","target":{"@type":"EntryPoint","urlTemplate":"https:\/\/mic.fgm.it\/ict-cream\/?s={search_term_string}"},"query-input":"required name=search_term_string"}],"inLanguage":"en-US"}]}},"_links":{"self":[{"href":"https:\/\/mic.fgm.it\/ict-cream\/wp-json\/wp\/v2\/pages\/672"}],"collection":[{"href":"https:\/\/mic.fgm.it\/ict-cream\/wp-json\/wp\/v2\/pages"}],"about":[{"href":"https:\/\/mic.fgm.it\/ict-cream\/wp-json\/wp\/v2\/types\/page"}],"author":[{"embeddable":true,"href":"https:\/\/mic.fgm.it\/ict-cream\/wp-json\/wp\/v2\/users\/7"}],"replies":[{"embeddable":true,"href":"https:\/\/mic.fgm.it\/ict-cream\/wp-json\/wp\/v2\/comments?post=672"}],"version-history":[{"count":0,"href":"https:\/\/mic.fgm.it\/ict-cream\/wp-json\/wp\/v2\/pages\/672\/revisions"}],"wp:attachment":[{"href":"https:\/\/mic.fgm.it\/ict-cream\/wp-json\/wp\/v2\/media?parent=672"}],"curies":[{"name":"wp","href":"https:\/\/api.w.org\/{rel}","templated":true}]}}